{"id":24,"date":"2017-03-01T11:49:04","date_gmt":"2017-03-01T11:49:04","guid":{"rendered":"https:\/\/plethorathemes.com\/healthflex\/conference\/?page_id=24"},"modified":"2026-04-25T12:06:33","modified_gmt":"2026-04-25T12:06:33","slug":"abstract-submission-2026","status":"publish","type":"page","link":"https:\/\/pacsurgeons.org\/sq\/abstract-submission-2026\/","title":{"rendered":"Abstract Submission &#8211; 2nd Clinical Congress of the Pan-Albanian College of Surgeons, 22-24 September 2026"},"content":{"rendered":"<div class=\"wpb-content-wrapper\"><section class=\"vc_row wpb_row vc_row-fluid no_padding\">\n\t\t<div class=\"row\">\n            <div class=\"wpb_column vc_column_container col-sm-8 margin_bottom_grid text-left\">\n                <div class=\"wpb_wrapper\">\n\n\t<div class=\"wpb_text_column wpb_content_element\" >\n\t\t<div class=\"wpb_wrapper\">\n\t\t\t\n\t\t<\/div>\n\t<\/div>\n\n                <\/div>\n            <\/div>\n            <div class=\"wpb_column vc_column_container col-sm-4 text-left\">\n                <div class=\"wpb_wrapper\">\n<!-- ========================== TEASER BOX ==========================-->\n<div class=\"teaser_box wpb_content_element text-left  secondary_section\">\n\n  <div class=\"figure\">\n\n\n      <a href=\"#\" debug title=\"\" target=\"\"> \n\n        \n         <div class=\"figure  stretchy_wrapper ratio_2-1\" style=\"background-image:url('https:\/\/pacsurgeons.org\/wp-content\/uploads\/2017\/03\/abstract_submission.jpg')\"><\/div> \n        \n          \n\n        \n\n    <\/a>\n\n  <\/div>\n\n\n\n  <div class=\"content text-left boxed\">\n    \n    <div class=\"hgroup\">\n       <h4 class=\"neutralize_links\">\n       UDH\u00cbZIMET P\u00cbR D\u00cbRGIMIN E ABSTRAKTEVE\n       <\/h4>\n       <p>Ju lutemi lexoni s\u00eb pari p\u00ebr t\u00eb shmangur problemet me dor\u00ebzimin e abstraktit<\/p> \n    <\/div>\n\n     <div class=\"desc\"><p>Udh\u00ebzimet p\u00ebr D\u00ebrgimin e Abstrakteve<\/p>\n<p>Teksti i abstraktit (duke mos p\u00ebrfshir\u00eb titullin e abstraktit dhe radh\u00ebn e autor\u00ebve) duhet t\u00eb jet\u00eb deri n\u00eb 700 fjal\u00eb.<br \/>\nGrafikonet, fotot dhe\/ose tabelat jan\u00eb t\u00eb pranueshme. Nuk duhet t\u00eb ket\u00eb emra identifikues t\u00eb pacient\u00ebve, t\u00eb dh\u00ebna apo tipare t\u00eb fytyr\u00ebs.<br \/>\nFormati i videove: Nuk guxon t\u00eb kaloj\u00eb 5 minut\u00ebshin. Z\u00ebri \u00ebsht\u00eb opsional. Pranohen vet\u00ebm formatet MOV ose MP4.<\/p>\n<p>LISTA KONTROLLUESE:<\/p>\n<p>Duhet t\u00eb plot\u00ebsoni t\u00eb dh\u00ebnat e m\u00ebposhtme para s\u00eb t\u00eb dor\u00ebzoni abstraktin tuaj:<\/p>\n<p>Kontaktin primar dhe informatat e prezantuesit (emri, adresa, numri i telefonit dhe e-mail adresa)<br \/>\nEmri dhe e-mail adresa e an\u00ebtarit sponsor<br \/>\nLista e autor\u00ebve<br \/>\nTeksti i abstraktit (deri n\u00eb 700 fjal\u00eb)<br \/>\nP\u00ebrdorni fontin Times New Roman, madh\u00ebsia 12<br \/>\nJu lutemi sigurohuni q\u00eb t\u00eb mos ket\u00eb gabime gramatikore<br \/>\nDy pyetje vet\u00ebvler\u00ebsuese dhe p\u00ebrgjigje p\u00ebr CME n\u00eb rast se punimi juaj pranohet p\u00ebr prezantim oral apo Quick-shot.<br \/>\nDeadline for submission: June 30th, 2026. No abstracts will be accepted after the deadline.<\/p>\n<p>Authors notified: July 14th, 2026<\/p>\n<p>Manuscript for oral presentation: June 30th, 2026.<\/p>\n<p>V\u00cbREJTJE: Abstraktet, poster\u00ebt apo videot q\u00eb jan\u00eb prezantuar dhe publikuar m\u00eb par\u00eb, nuk do t\u00eb pranohen.<\/p><\/div> \n\n\n  <\/div>\n\n<\/div>\n\n<!-- END======================= TEASER BOX ==========================--><div class=\"vc_separator wpb_content_element vc_separator_align_left vc_sep_width_100 vc_sep_pos_align_right vc_sep_color_black vc_separator-has-text\" ><span class=\"vc_sep_holder vc_sep_holder_l\"><span class=\"vc_sep_line\"><\/span><\/span><h4>AFATI I FUNDIT<\/h4><span class=\"vc_sep_holder vc_sep_holder_r\"><span class=\"vc_sep_line\"><\/span><\/span>\n<\/div>\n\t<div class=\"wpb_text_column wpb_content_element\" >\n\t\t<div class=\"wpb_wrapper\">\n\t\t\t<h4>June 30, 2026<\/h4>\n\n\t\t<\/div>\n\t<\/div>\n<div class=\"vc_separator wpb_content_element vc_separator_align_left vc_sep_width_100 vc_sep_pos_align_right vc_sep_color_black vc_separator-has-text\" ><span class=\"vc_sep_holder vc_sep_holder_l\"><span class=\"vc_sep_line\"><\/span><\/span><h4>Akreditimi CME<\/h4><span class=\"vc_sep_holder vc_sep_holder_r\"><span class=\"vc_sep_line\"><\/span><\/span>\n<\/div>\n\t<div class=\"wpb_text_column wpb_content_element\" >\n\t\t<div class=\"wpb_wrapper\">\n\t\t\t<p>\u00c7do pjes\u00ebmarr\u00ebs do t\u00eb ket\u00eb qasje n\u00eb konfirmimin e t\u00eb gjitha aktiviteteve t\u00eb ndjekura (konfirmimi i CME-s\u00eb dhe regjistrimi i pjes\u00ebmarrjes).<\/p>\n\n\t\t<\/div>\n\t<\/div>\n\n                <\/div>\n            <\/div>\n\t\t<\/div>\n<\/section>\n\n\n<section class=\"vc_row wpb_row vc_row-fluid no_padding\">\n\t\t<div class=\"row\">\n            <div class=\"wpb_column vc_column_container col-sm-12\">\n                <div class=\"wpb_wrapper\">\n\n\t<div  class=\"wpb_single_image wpb_content_element vc_align_center  wpb_animate_when_almost_visible wpb_fadeInUp fadeInUp vc_custom_1765741789194\">\n\t\t\n\t\t<figure class=\"wpb_wrapper vc_figure\">\n\t\t\t<div class=\"vc_single_image-wrapper   vc_box_border_grey\"><\/div>\n\t\t<\/figure>\n\t<\/div>\n\n                <\/div>\n            <\/div>\n\t\t<\/div>\n<\/section>\n<\/div>","protected":false},"excerpt":{"rendered":"Abstract Submission Guidelines Please read first in order to avoid submission problems GUIDELINES FOR SENDING ABSTRACTS The abstract body (not counting abstract title or author string) shall be up to 700 words. Graphs, photos and\/or tables are accepted. There should not be identifiable patient name, data or face features. Video format: Must not exceed 5 [...]","protected":false},"author":4,"featured_media":0,"parent":0,"menu_order":0,"comment_status":"closed","ping_status":"closed","template":"","meta":{"footnotes":""},"class_list":["post-24","page","type-page","status-publish","hentry"],"_hostinger_reach_plugin_has_subscription_block":false,"_hostinger_reach_plugin_is_elementor":false,"_links":{"self":[{"href":"https:\/\/pacsurgeons.org\/sq\/wp-json\/wp\/v2\/pages\/24","targetHints":{"allow":["GET"]}}],"collection":[{"href":"https:\/\/pacsurgeons.org\/sq\/wp-json\/wp\/v2\/pages"}],"about":[{"href":"https:\/\/pacsurgeons.org\/sq\/wp-json\/wp\/v2\/types\/page"}],"author":[{"embeddable":true,"href":"https:\/\/pacsurgeons.org\/sq\/wp-json\/wp\/v2\/users\/4"}],"replies":[{"embeddable":true,"href":"https:\/\/pacsurgeons.org\/sq\/wp-json\/wp\/v2\/comments?post=24"}],"version-history":[{"count":25,"href":"https:\/\/pacsurgeons.org\/sq\/wp-json\/wp\/v2\/pages\/24\/revisions"}],"predecessor-version":[{"id":866,"href":"https:\/\/pacsurgeons.org\/sq\/wp-json\/wp\/v2\/pages\/24\/revisions\/866"}],"wp:attachment":[{"href":"https:\/\/pacsurgeons.org\/sq\/wp-json\/wp\/v2\/media?parent=24"}],"curies":[{"name":"wp","href":"https:\/\/api.w.org\/{rel}","templated":true}]}}