{"id":276,"date":"2017-03-01T11:36:37","date_gmt":"2017-03-01T11:36:37","guid":{"rendered":"https:\/\/plethorathemes.com\/healthflex\/conference\/?page_id=6"},"modified":"2026-04-27T18:20:02","modified_gmt":"2026-04-27T18:20:02","slug":"home","status":"publish","type":"page","link":"https:\/\/pacsurgeons.org\/sq\/","title":{"rendered":"Ballina"},"content":{"rendered":"<div class=\"wpb-content-wrapper\"><section class=\"vc_row wpb_row vc_row-fluid no_padding no_cols_padding elevate folded_section transparent\">\n\t\t<div class=\"row\">\n            <div class=\"wpb_column vc_column_container col-sm-3 col-xs-6 skincolored_section\">\n                <div class=\"wpb_wrapper\">\n<!-- ========================== TEASER BOX ==========================-->\n<div class=\"teaser_box wpb_content_element text-center  transparent boxed same_height_col  with_button\">\n\n\n\n      <a href=\"#\" debug title=\"\" target=\"\"> \n\n        \n\n    <\/a>\n\n\n\n\n  <div class=\"content text-center   with_button\">\n    \n    <div class=\"hgroup\">\n       <h4 class=\"neutralize_links\">\n       Programi\n       <\/h4>\n       <p>Prezantimet &amp; Pun\u00ebtorit\u00eb<\/p> \n    <\/div>\n\n    \n\n    <div class=\"link centered\">\n        <a href=\"#\"  target=\"\" class=\"btn btn-xs btn-secondary\"><strong>More<\/strong><\/a>\n    <\/div>\n\n  <\/div>\n\n<\/div>\n\n<!-- END======================= TEASER BOX ==========================-->\n                <\/div>\n            <\/div>\n            <div class=\"wpb_column vc_column_container col-sm-3 col-xs-6 skincolored_section vc_custom_1770059890678\">\n                <div class=\"wpb_wrapper\">\n<!-- ========================== TEASER BOX ==========================-->\n<div class=\"teaser_box wpb_content_element text-center  transparent boxed same_height_col  with_button\">\n\n\n\n      <a href=\"#\" debug title=\"\" target=\"\"> \n\n        \n\n    <\/a>\n\n\n\n\n  <div class=\"content text-center   with_button\">\n    \n    <div class=\"hgroup\">\n       <h4 class=\"neutralize_links\">\n       Ligj\u00ebruesit\n       <\/h4>\n       <p>Njihuni me ligj\u00ebruesit tan\u00eb<\/p> \n    <\/div>\n\n    \n\n    <div class=\"link centered\">\n        <a href=\"#\"  target=\"\" class=\"btn btn-xs btn-secondary\"><strong>More<\/strong><\/a>\n    <\/div>\n\n  <\/div>\n\n<\/div>\n\n<!-- END======================= TEASER BOX ==========================-->\n                <\/div>\n            <\/div>\n            <div class=\"wpb_column vc_column_container col-sm-3 col-xs-6 skincolored_section\">\n                <div class=\"wpb_wrapper\">\n<!-- ========================== TEASER BOX ==========================-->\n<div class=\"teaser_box wpb_content_element text-center  transparent boxed same_height_col  with_button\">\n\n\n\n      <a href=\"https:\/\/pacsurgeons.org\/sq\/abstract-submission-2026\/\" debug title=\"Abstract Submission \u2013 2nd Clinical Congress of the Pan-Albanian College of Surgeons, 22-24 September 2026\" target=\"\"> \n\n        \n\n    <\/a>\n\n\n\n\n  <div class=\"content text-center   with_button\">\n    \n    <div class=\"hgroup\">\n       <h4 class=\"neutralize_links\">\n       Dor\u00ebzimi i Abstraktit\n       <\/h4>\n       <p>Deri me 30 Qershor 2026<\/p> \n    <\/div>\n\n    \n\n    <div class=\"link centered\">\n        <a href=\"https:\/\/pacsurgeons.org\/sq\/abstract-submission-2026\/\" abstract submission \u2013 2nd clinical congress of the pan-albanian college surgeons, 22-24 september 2026 target =\"\" class=\"btn btn-xs btn-secondary\"><strong>More<\/strong><\/a>\n    <\/div>\n\n  <\/div>\n\n<\/div>\n\n<!-- END======================= TEASER BOX ==========================-->\n                <\/div>\n            <\/div>\n            <div class=\"wpb_column vc_column_container col-sm-3 col-xs-6 secondary_section vc_custom_1770059901469\">\n                <div class=\"wpb_wrapper\">\n<!-- ========================== TEASER BOX ==========================-->\n<div class=\"teaser_box wpb_content_element text-center  transparent boxed same_height_col  with_button\">\n\n\n\n      <a href=\"\/sq\/registration\/\" debug title=\"\" target=\"\"> \n\n        \n\n    <\/a>\n\n\n\n\n  <div class=\"content text-center   with_button\">\n    \n    <div class=\"hgroup\">\n       <h4 class=\"neutralize_links\">\n       Regjistrohu Online\n       <\/h4>\n       <p>Thirr ose plot\u00ebso formularin<\/p> \n    <\/div>\n\n    \n\n    <div class=\"link centered\">\n        <a href=\"\/sq\/registration\/\"  target=\"\" class=\"btn btn-xs btn-secondary\"><strong>More<\/strong><\/a>\n    <\/div>\n\n  <\/div>\n\n<\/div>\n\n<!-- END======================= TEASER BOX ==========================-->\n                <\/div>\n            <\/div>\n\t\t<\/div>\n<\/section>\n\n\n<section class=\"vc_row wpb_row vc_row-fluid no_padding\">\n\t\t<div class=\"row\">\n            <div class=\"wpb_column vc_column_container col-sm-12\">\n                <div class=\"wpb_wrapper\">\n<div class=\"section_header subtitle_bottom   fancy text-left\">\n\n    <h1>Welcome to the 2nd Clinical Congress of the Pan-Albanian College of Surgeons, October 22 &#8211; 24, 2026, Tirana, Albania<\/h1>\n\n\n        <p >Updates in the surgical sciences<\/p>\n<\/div>\n                <\/div>\n            <\/div>\n            <div class=\"wpb_column vc_column_container col-sm-8 margin_bottom_grid text-left\">\n                <div class=\"wpb_wrapper\">\n\n\t<div class=\"wpb_text_column wpb_content_element\" >\n\t\t<div class=\"wpb_wrapper\">\n\t\t\t\n\t\t<\/div>\n\t<\/div>\n\n                <\/div>\n            <\/div>\n            <div class=\"wpb_column vc_column_container col-sm-4 secondary_section boxed_plus text-left vc_custom_1770216978071\">\n                <div class=\"wpb_wrapper\">\n<div class=\"vc_separator wpb_content_element vc_separator_align_left vc_sep_width_100 vc_sep_pos_align_right vc_sep_color_black vc_separator-has-text\" ><span class=\"vc_sep_holder vc_sep_holder_l\"><span class=\"vc_sep_line\"><\/span><\/span><h4>DATA<\/h4><span class=\"vc_sep_holder vc_sep_holder_r\"><span class=\"vc_sep_line\"><\/span><\/span>\n<\/div>\n\t<div class=\"wpb_text_column wpb_content_element\" >\n\t\t<div class=\"wpb_wrapper\">\n\t\t\t<h4>October 22\u201324, 2026<\/h4>\n<p>(Enjte  - Shtun\u00eb)<\/p>\n\n\t\t<\/div>\n\t<\/div>\n<div class=\"vc_separator wpb_content_element vc_separator_align_left vc_sep_width_100 vc_sep_pos_align_right vc_sep_color_black vc_separator-has-text\" ><span class=\"vc_sep_holder vc_sep_holder_l\"><span class=\"vc_sep_line\"><\/span><\/span><h4>VENDI<\/h4><span class=\"vc_sep_holder vc_sep_holder_r\"><span class=\"vc_sep_line\"><\/span><\/span>\n<\/div>\n\t<div class=\"wpb_text_column wpb_content_element\" >\n\t\t<div class=\"wpb_wrapper\">\n\t\t\t<h4>Tirana International Hotel, Prishtina<\/h4>\n\n\t\t<\/div>\n\t<\/div>\n<div class=\"vc_separator wpb_content_element vc_separator_align_left vc_sep_width_100 vc_sep_pos_align_right vc_sep_color_black vc_separator-has-text\" ><span class=\"vc_sep_holder vc_sep_holder_l\"><span class=\"vc_sep_line\"><\/span><\/span><h4>Akreditimi CME<\/h4><span class=\"vc_sep_holder vc_sep_holder_r\"><span class=\"vc_sep_line\"><\/span><\/span>\n<\/div>\n\t<div class=\"wpb_text_column wpb_content_element\" >\n\t\t<div class=\"wpb_wrapper\">\n\t\t\t<p>\u00c7do pjes\u00ebmarr\u00ebs do t\u00eb ket\u00eb qasje n\u00eb konfirmimin e t\u00eb gjitha aktiviteteve t\u00eb ndjekura (konfirmimi i CME-s\u00eb dhe regjistrimi i pjes\u00ebmarrjes).<\/p>\n\n\t\t<\/div>\n\t<\/div>\n\n                <\/div>\n            <\/div>\n            <div class=\"wpb_column vc_column_container col-sm-12\">\n                <div class=\"wpb_wrapper\">\n\n\t<div  class=\"wpb_single_image wpb_content_element vc_align_center  wpb_animate_when_almost_visible wpb_fadeInUp fadeInUp vc_custom_1777313961770\">\n\t\t\n\t\t<figure class=\"wpb_wrapper vc_figure\">\n\t\t\t<div class=\"vc_single_image-wrapper   vc_box_border_grey\"><img loading=\"lazy\" decoding=\"async\" width=\"1414\" height=\"2000\" src=\"https:\/\/pacsurgeons.org\/wp-content\/uploads\/2026\/04\/1.png\" class=\"vc_single_image-img attachment-full\" alt=\"\" title=\"1\" srcset=\"https:\/\/pacsurgeons.org\/wp-content\/uploads\/2026\/04\/1.png 1414w, https:\/\/pacsurgeons.org\/wp-content\/uploads\/2026\/04\/1-212x300.png 212w, https:\/\/pacsurgeons.org\/wp-content\/uploads\/2026\/04\/1-724x1024.png 724w, https:\/\/pacsurgeons.org\/wp-content\/uploads\/2026\/04\/1-768x1086.png 768w, https:\/\/pacsurgeons.org\/wp-content\/uploads\/2026\/04\/1-1086x1536.png 1086w, https:\/\/pacsurgeons.org\/wp-content\/uploads\/2026\/04\/1-8x12.png 8w\" sizes=\"auto, (max-width: 1414px) 100vw, 1414px\" \/><\/div>\n\t\t<\/figure>\n\t<\/div>\n\n\t<div  class=\"wpb_single_image wpb_content_element vc_align_center  wpb_animate_when_almost_visible wpb_fadeInUp fadeInUp vc_custom_1777313999787\">\n\t\t\n\t\t<figure class=\"wpb_wrapper vc_figure\">\n\t\t\t<div class=\"vc_single_image-wrapper   vc_box_border_grey\"><img loading=\"lazy\" decoding=\"async\" width=\"1414\" height=\"2000\" src=\"https:\/\/pacsurgeons.org\/wp-content\/uploads\/2026\/04\/2.png\" class=\"vc_single_image-img attachment-full\" alt=\"\" title=\"2\" srcset=\"https:\/\/pacsurgeons.org\/wp-content\/uploads\/2026\/04\/2.png 1414w, https:\/\/pacsurgeons.org\/wp-content\/uploads\/2026\/04\/2-212x300.png 212w, https:\/\/pacsurgeons.org\/wp-content\/uploads\/2026\/04\/2-724x1024.png 724w, https:\/\/pacsurgeons.org\/wp-content\/uploads\/2026\/04\/2-768x1086.png 768w, https:\/\/pacsurgeons.org\/wp-content\/uploads\/2026\/04\/2-1086x1536.png 1086w, https:\/\/pacsurgeons.org\/wp-content\/uploads\/2026\/04\/2-8x12.png 8w\" sizes=\"auto, (max-width: 1414px) 100vw, 1414px\" \/><\/div>\n\t\t<\/figure>\n\t<\/div>\n\n                <\/div>\n            <\/div>\n\t\t<\/div>\n<\/section>\n\n\n<section class=\"vc_row wpb_row vc_row-fluid secondary_section separator_top sep_angled_positive_top separator_bottom sep_angled_positive_bottom vc_custom_1489141205328\">\n\t\t<div class=\"row\">\n            <div class=\"wpb_column vc_column_container col-sm-12\">\n                <div class=\"wpb_wrapper\">\n<div class=\"section_header subtitle_bottom   fancy text-center\">\n\n    <h2>Njihuni me ligj\u00ebruesit e Kongresit ton\u00eb<\/h2>\n<p>(S\u00eb shpejti...)<\/p>\n\n\n        <p >Over 300 presentations &amp; several workshops will take place<\/p>\n<\/div><div class=\"vc_empty_space\"   style=\"height: 32px\"><span class=\"vc_empty_space_inner\"><\/span><\/div>\n                <\/div>\n            <\/div>\n\t\t<\/div>\n<\/section>\n\n\n<section  class=\"vc_row wpb_row vc_row-fluid black_section transparent_film bgimage parallax-window bg_vcenter\">\n\t\t<div class=\"row\">\n            <div class=\"wpb_column vc_column_container col-sm-12\">\n                <div class=\"wpb_wrapper\">\n<div class=\"section_header subtitle_bottom   fancy text-center\">\n\n    <h2>Tarifat e regjistrimit<\/h2>\n\n\n        <p >B\u00ebni regjistrimin tuaj m\u00eb her\u00ebt dhe p\u00ebrfitoni zbritje<\/p>\n<\/div>\n                <\/div>\n            <\/div>\n            <div class=\"wpb_column vc_column_container col-sm-4\">\n                <div class=\"wpb_wrapper\">\n<div class=\"pricing_plan skincolored_section\">  \n\n\n  <div style=\"background-image:url(https:\/\/pacsurgeons.org\/wp-content\/themes\/healthflex\/features\/shortcode\/pricingplan\/GPlay.svg);\" class=\"plan_title skincolored_section\">\n    <h3>Early bird - June 30, 2026<\/h3>\n    <p>Tarifa e Regjistrimit Individual<\/p>\n  <\/div>\n  <div class=\"the_price skincolored_section\">100\/specialist<small>50\/resident<\/small><\/div>\n  <div class=\"the_offerings\">\n   Registration fees is paid in Euros, and covers your participation to the conference.   <br \/> \n\n\n  <a href=\"https:\/\/pacsurgeons.org\/sq\/registration\/\" class=\"btn btn-secondary with-icon icon-right\" title=\"\"  target=\"_self\">\n\n    Rregjistrohu\n\n     <i class=\"fa fa-caret-right\"><\/i>  \n\n  <\/a>\n\n\n  <\/div>\n\n<\/div>\n                <\/div>\n            <\/div>\n            <div class=\"wpb_column vc_column_container col-sm-4\">\n                <div class=\"wpb_wrapper\">\n<div class=\"pricing_plan secondary_section\">  \n\n\n  <div style=\"background-image:url(https:\/\/pacsurgeons.org\/wp-content\/themes\/healthflex\/features\/shortcode\/pricingplan\/GPlay.svg);\" class=\"plan_title secondary_section\">\n    <h3>On-site<\/h3>\n    <p>Tarifa e Regjistrimit Individual<\/p>\n  <\/div>\n  <div class=\"the_price secondary_section\">150\/specialist<small>75\/resident<\/small><\/div>\n  <div class=\"the_offerings\">\n   Registration fees is paid in Euros, and covers your participation to the conference.   <br \/> \n\n\n  <a href=\"https:\/\/pacsurgeons.org\/sq\/registration\/\" class=\"btn btn-warning with-icon icon-right\" title=\"\"  target=\"_self\">\n\n    Rregjistrohu\n\n     <i class=\"fa fa-caret-right\"><\/i>  \n\n  <\/a>\n\n\n  <\/div>\n\n<\/div>\n                <\/div>\n            <\/div>\n            <div class=\"wpb_column vc_column_container col-sm-4\">\n                <div class=\"wpb_wrapper\">\n<div class=\"pricing_plan light_section\">  \n\n\n  <div style=\"background-image:url(https:\/\/pacsurgeons.org\/wp-content\/themes\/healthflex\/features\/shortcode\/pricingplan\/GPlay.svg);\" class=\"plan_title light_section\">\n    <h3>Grupore<\/h3>\n    <p><\/p>\n  <\/div>\n  <div class=\"the_price light_section\">To Be Decided<small><\/small><\/div>\n  <div class=\"the_offerings\">\n   Registration fees is paid in Euros, and covers your participation to the conference.   <br \/> \n\n\n  <a href=\"https:\/\/pacsurgeons.org\/sq\/registration\/\" class=\"btn btn-success with-icon icon-right\" title=\"\"  target=\"_self\">\n\n    Rregjistrohu\n\n     <i class=\"fa fa-caret-right\"><\/i>  \n\n  <\/a>\n\n\n  <\/div>\n\n<\/div>\n                <\/div>\n            <\/div>\n            <div class=\"wpb_column vc_column_container col-sm-12 text-center\">\n                <div class=\"wpb_wrapper\">\n<div class=\"vc_empty_space\"   style=\"height: 16px\"><span class=\"vc_empty_space_inner\"><\/span><\/div>\n\t<div class=\"wpb_text_column wpb_content_element\" >\n\t\t<div class=\"wpb_wrapper\">\n\t\t\t<p style=\"text-align: center;\"><em><strong>Pik\u00ebt akredituese:\u00a0<\/strong>\u00c7do pjes\u00ebmarr\u00ebs do t\u00eb ket\u00eb qasje n\u00eb konfirmimin e t\u00eb gjitha aktiviteteve t\u00eb ndjekura (konfirmimi i CME-s\u00eb dhe regjistrimi i pjes\u00ebmarrjes).<\/em><\/p>\n\n\t\t<\/div>\n\t<\/div>\n\n                <\/div>\n            <\/div>\n\t\t<\/div>\n<\/section>\n\n\n<section class=\"vc_row wpb_row vc_row-fluid light_section no_padding\">\n\t\t<div class=\"row\">\n            <div class=\"wpb_column vc_column_container col-sm-6 text-left\">\n                <div class=\"wpb_wrapper\">\n<div class=\"vc_empty_space\"   style=\"height: 96px\"><span class=\"vc_empty_space_inner\"><\/span><\/div>\n\t<div  class=\"wpb_single_image wpb_content_element vc_align_left\">\n\t\t\n\t\t<figure class=\"wpb_wrapper vc_figure\">\n\t\t\t<div class=\"vc_single_image-wrapper   vc_box_border_grey\"><\/div>\n\t\t<\/figure>\n\t<\/div>\n<div class=\"section_header subtitle_bottom   vc_custom_1489144679181 fancy text-left\">\n\n    <h2>Sponsor\u00ebt<\/h2>\n\n\n        <p >Partner\u00ebt Strategjik\u00eb t\u00eb Art\u00eb, Argjendt\u00eb, dhe Platinum<\/p>\n<\/div>\n                <\/div>\n            <\/div>\n            <div class=\"wpb_column vc_column_container col-sm-6 white_section boxed_plus wow slideInUp\">\n                <div class=\"wpb_wrapper\">\n<div class=\"vc_empty_space\"   style=\"height: 64px\"><span class=\"vc_empty_space_inner\"><\/span><\/div><div class=\"vc_separator wpb_content_element vc_separator_align_left vc_sep_width_100 vc_sep_pos_align_right vc_sep_color_chino vc_separator-has-text\" ><span class=\"vc_sep_holder vc_sep_holder_l\"><span class=\"vc_sep_line\"><\/span><\/span><h4>T\u00eb art\u00eb<\/h4><span class=\"vc_sep_holder vc_sep_holder_r\"><span class=\"vc_sep_line\"><\/span><\/span>\n<\/div><div class=\"vc_empty_space\"   style=\"height: 16px\"><span class=\"vc_empty_space_inner\"><\/span><\/div>\n\t<div class=\"wpb_text_column wpb_content_element\" >\n\t\t<div class=\"wpb_wrapper\">\n\t\t\t\n\t\t<\/div>\n\t<\/div>\n<div class=\"vc_empty_space\"   style=\"height: 32px\"><span class=\"vc_empty_space_inner\"><\/span><\/div><div class=\"vc_separator wpb_content_element vc_separator_align_left vc_sep_width_100 vc_sep_pos_align_right vc_sep_color_grey vc_separator-has-text\" ><span class=\"vc_sep_holder vc_sep_holder_l\"><span class=\"vc_sep_line\"><\/span><\/span><h4>T\u00eb argjendt\u00eb<\/h4><span class=\"vc_sep_holder vc_sep_holder_r\"><span class=\"vc_sep_line\"><\/span><\/span>\n<\/div><div class=\"vc_empty_space\"   style=\"height: 16px\"><span class=\"vc_empty_space_inner\"><\/span><\/div>\n\t<div class=\"wpb_text_column wpb_content_element\" >\n\t\t<div class=\"wpb_wrapper\">\n\t\t\t\n\t\t<\/div>\n\t<\/div>\n<div class=\"vc_empty_space\"   style=\"height: 64px\"><span class=\"vc_empty_space_inner\"><\/span><\/div>\n                <\/div>\n            <\/div>\n\t\t<\/div>\n<\/section>\n<\/div>","protected":false},"excerpt":{"rendered":"Programme Presentations &amp; Workshops More Speakers Get to know our Speakers More Submit Abstract Until June 30th, 2026 More Register Online Call us or fill in a form More Welcome to the 2nd Clinical Congress of the Pan-Albanian College of Surgeons, October 22 - 24, 2026, Tirana, Albania Updates in the surgical sciences DATE October [...]","protected":false},"author":4,"featured_media":0,"parent":0,"menu_order":0,"comment_status":"closed","ping_status":"closed","template":"","meta":{"footnotes":""},"class_list":["post-276","page","type-page","status-publish","hentry"],"_hostinger_reach_plugin_has_subscription_block":false,"_hostinger_reach_plugin_is_elementor":false,"_links":{"self":[{"href":"https:\/\/pacsurgeons.org\/sq\/wp-json\/wp\/v2\/pages\/276","targetHints":{"allow":["GET"]}}],"collection":[{"href":"https:\/\/pacsurgeons.org\/sq\/wp-json\/wp\/v2\/pages"}],"about":[{"href":"https:\/\/pacsurgeons.org\/sq\/wp-json\/wp\/v2\/types\/page"}],"author":[{"embeddable":true,"href":"https:\/\/pacsurgeons.org\/sq\/wp-json\/wp\/v2\/users\/4"}],"replies":[{"embeddable":true,"href":"https:\/\/pacsurgeons.org\/sq\/wp-json\/wp\/v2\/comments?post=276"}],"version-history":[{"count":43,"href":"https:\/\/pacsurgeons.org\/sq\/wp-json\/wp\/v2\/pages\/276\/revisions"}],"predecessor-version":[{"id":869,"href":"https:\/\/pacsurgeons.org\/sq\/wp-json\/wp\/v2\/pages\/276\/revisions\/869"}],"wp:attachment":[{"href":"https:\/\/pacsurgeons.org\/sq\/wp-json\/wp\/v2\/media?parent=276"}],"curies":[{"name":"wp","href":"https:\/\/api.w.org\/{rel}","templated":true}]}}