{"id":499,"date":"2025-07-08T10:03:11","date_gmt":"2025-07-08T10:03:11","guid":{"rendered":"https:\/\/orl-ks.org\/?page_id=499"},"modified":"2026-03-09T16:05:09","modified_gmt":"2026-03-09T16:05:09","slug":"about-us","status":"publish","type":"page","link":"https:\/\/pacsurgeons.org\/sq\/about-us\/","title":{"rendered":"Rreth nesh"},"content":{"rendered":"<p data-start=\"0\" data-end=\"371\"><strong data-start=\"0\" data-end=\"43\">Kolegji Pan-Shqiptar i Kirurg\u00ebve (KPSHK) \u00ebsht\u00eb organizat\u00eb profesionale, jofitimprur\u00ebse, e themeluar m\u00eb 6-7 shkurt, n\u00eb Tiran\u00eb, Shqip\u00ebri, me pjes\u00ebmarrjen e kirurg\u00ebve\/delegat\u00ebve nga t\u00eb gjitha trevat e banuara nga shqiptar\u00ebt dhe diaspora. Kolegji do t\u00eb sh\u00ebrbej\u00eb si nj\u00eb platform\u00eb p\u00ebr bashk\u00ebpunim dhe koordinim mbar\u00ebkomb\u00ebtar shqiptar n\u00eb fush\u00ebn e kirurgjis\u00eb.<\/strong> Kolegji Pan-Shqiptar i Kirurg\u00ebve (PACS) \u00ebsht\u00eb organizat\u00eb profesionale, jofitimprur\u00ebse, e themeluar m\u00eb 6-7 shkurt, n\u00eb Tiran\u00eb, Shqip\u00ebri, me pjes\u00ebmarrjen e kirurg\u00ebve\/delegat\u00ebve nga t\u00eb gjitha rajonet e banuara nga shqiptar\u00ebt dhe diaspora. Kolegji do t\u00eb sh\u00ebrbej\u00eb si nj\u00eb platform\u00eb p\u00ebr bashk\u00ebpunim dhe koordinim mbar\u00ebkomb\u00ebtar shqiptar n\u00eb fush\u00ebn e kirurgjis\u00eb.<\/p>\n<p>Ceremonia u hap me fjal\u00ebn e mir\u00ebseardhjes nga Prof. Dr. Arben Beqiri, Kryesues mikprit\u00ebs i K\u00ebshillit Themelues, dhe me fjalimin prezantues nga Prof. Dr. Rifat Latifi, Kryesues i K\u00ebshillit Themelues, nd\u00ebrsa nga t\u00eb ftuarit e ve\u00e7ant\u00eb fjal\u00eb p\u00ebrsh\u00ebndet\u00ebse mbajt\u00ebn: zv.Kryeministri i i Par\u00eb Republik\u00ebs s\u00eb Maqedonis\u00eb s\u00eb Veriut, Dr. Bekim Sali, Ministri i Sh\u00ebndet\u00ebsis\u00eb i Republik\u00ebs s\u00eb Kosov\u00ebs, Dr. Arben Vitia, Ministri i Sh\u00ebndet\u00ebsis\u00eb i Maqedonis\u00eb s\u00eb Veriut, z. Azir Aliu, si dhe rektor\u00ebt Prof. Dr. Xheladin Dra\u00e7ini (Universiteti i Mjek\u00ebsis\u00eb, Tiran\u00eb), Prof. Dr. Jusuf Zejneli (Universiteti i Tetov\u00ebs), dhe Prof. Dr. Mentor Petrela.<\/p>\n<p data-start=\"0\" data-end=\"371\">N\u00eb em\u00ebr t\u00eb p\u00ebrfaq\u00ebsuesve nga rajoni dhe m\u00ebrgata p\u00ebrsh\u00ebndet\u00ebn gjithashtu an\u00ebtar\u00ebt e K\u00ebshillit Themelues: Dr. Osman Zhuri (Kosov\u00eb), Prof. Dr. Ilir Hasani (Maqedoni e Veriut), Prof. Dr. Lumnije Kqiku (Austri), Prof. Dr. Alban Neziri (Zvic\u00ebr), Prof. Dr. Mentor Ahmeti (SHBA), Dr. Valon Baraliu (Gjermani), Prof. Dr. Albion Totsi (Greqi), Dr. Daut Gjoni (Mali i Zi), dhe Dr. Beqir Nuhiu (Preshev\u00eb).<\/p>\n<p>An\u00ebtar\u00eb tjer\u00eb t\u00eb K\u00ebshillit Themelues t\u00eb KPSHK ishin edhe Prof. Dr. Arben Gjata, Prof. Dr. Fatos Olldashi, Dr. Edvin Selmani (Shqip\u00ebri), Prof. Asoc. Dr. Luan Jaha, Dr. Mentor Gorani (Kosov\u00eb), Dr. med. Kushtrim Shala (Gjermani), Prof. Dr. Rexhep Selmani (Maqedoni e Veriut), dhe Prof. Dr. Ilirijana Haxhibeqiri (Bosn\u00eb dhe Hercegovin\u00eb). Koordinator i takimit ishte z. Kujtim Salihu, nd\u00ebrsa znj. Fatjona Jahaj - Koordinatore Teknike\/Administrative.<\/p>\n<p>N\u00eb fund t\u00eb programit, Kryesuesi i K\u00ebshillit Themelues, Prof. Dr. Rifat Latifi lexoi Rezolut\u00ebn e Themelimin t\u00eb KPSHK-s\u00eb, e cila u miratua nga t\u00eb gjith\u00eb delegat\u00ebt. N\u00eb rezolut\u00eb mes tjerash ceket se \u201cKolegji Pan-Shqiptar i Kirurg\u00ebve (KPSHK), do t\u00eb jet\u00eb entitet profesional i pavarur me mision avancimin e praktik\u00ebs dhe shkenc\u00ebs kirurgjikale, duke p\u00ebrcaktuar standardet e trajnimit n\u00eb t\u00eb gjitha disiplinat kirurgjikale, duke siguruar kujdes kirurgjikal t\u00eb sigurt, modern, dhe t\u00eb bazuar n\u00eb prova, si dhe duke promovuar t\u00eb studiuarit gjat\u00eb gjith\u00eb jet\u00ebs, praktik\u00ebn etike dhe llogaridh\u00ebnien profesionale\u201d.<\/p>\n<p>Strukturat e p\u00ebrkohshme t\u00eb KPSHK-s\u00eb do t\u00eb p\u00ebrgatisin statutin dhe dokumentacionin themelues, nd\u00ebrsa pas miratimit t\u00eb statutit nga kuvendi i delegat\u00ebve do t\u00eb zgjidhen strukturat drejtuese me p\u00ebrgjegj\u00ebsi dhe mandat t\u00eb plot\u00eb.<\/p>\n<p data-start=\"373\" data-end=\"835\">KPSHK po nd\u00ebrtohet sipas shembujve t\u00eb suksessh\u00ebm t\u00eb organizatave kirurgjikale dhe synon t\u00eb forcoj\u00eb partneritetet institucionale, t\u00eb mb\u00ebshtes\u00eb edukimin e vazhduesh\u00ebm mjek\u00ebsor, t\u00eb promovoj\u00eb pun\u00ebn shkencore dhe t\u00eb inkurajoj\u00eb p\u00ebrfaq\u00ebsimin e unifikuar profesional. Duke lidhur kirurg\u00eb nga Shqip\u00ebria, Kosova, Maqedonia e Veriut dhe komunitetet shqiptare n\u00eb mbar\u00eb bot\u00ebn, Kolegji do t\u00eb nxit ekspertiz\u00ebn e p\u00ebrbashk\u00ebt, iniciativat e p\u00ebrbashk\u00ebta dhe kontributet e koordinuara n\u00eb praktik\u00ebn moderne kirurgjikale dhe kujdesin ndaj pacientit.<\/p>","protected":false},"excerpt":{"rendered":"<p>Pan-Albanian College of Surgeons (PACS) is a professional, non-profit umbrella organization, established on February 6\u20137, in Tirana, Albania, with the participation of surgeons\/delegates from all Albanian-inhabited regions and the diaspora. The College will serve as a platform for nationwide Albanian collaboration and coordination in the field of surgery. The ceremony was opened with welcoming remarks [&hellip;]<\/p>","protected":false},"author":2,"featured_media":0,"parent":0,"menu_order":0,"comment_status":"closed","ping_status":"closed","template":"","meta":{"footnotes":""},"class_list":["post-499","page","type-page","status-publish","hentry"],"_hostinger_reach_plugin_has_subscription_block":false,"_hostinger_reach_plugin_is_elementor":false,"_links":{"self":[{"href":"https:\/\/pacsurgeons.org\/sq\/wp-json\/wp\/v2\/pages\/499","targetHints":{"allow":["GET"]}}],"collection":[{"href":"https:\/\/pacsurgeons.org\/sq\/wp-json\/wp\/v2\/pages"}],"about":[{"href":"https:\/\/pacsurgeons.org\/sq\/wp-json\/wp\/v2\/types\/page"}],"author":[{"embeddable":true,"href":"https:\/\/pacsurgeons.org\/sq\/wp-json\/wp\/v2\/users\/2"}],"replies":[{"embeddable":true,"href":"https:\/\/pacsurgeons.org\/sq\/wp-json\/wp\/v2\/comments?post=499"}],"version-history":[{"count":11,"href":"https:\/\/pacsurgeons.org\/sq\/wp-json\/wp\/v2\/pages\/499\/revisions"}],"predecessor-version":[{"id":862,"href":"https:\/\/pacsurgeons.org\/sq\/wp-json\/wp\/v2\/pages\/499\/revisions\/862"}],"wp:attachment":[{"href":"https:\/\/pacsurgeons.org\/sq\/wp-json\/wp\/v2\/media?parent=499"}],"curies":[{"name":"wp","href":"https:\/\/api.w.org\/{rel}","templated":true}]}}